{"id":813,"date":"2025-04-04T07:02:20","date_gmt":"2025-04-04T07:02:20","guid":{"rendered":"https:\/\/www.ekostrov.pl\/?page_id=813"},"modified":"2025-09-29T14:29:39","modified_gmt":"2025-09-29T14:29:39","slug":"bezplatny-odbior-elektrosmieci-katowice","status":"publish","type":"page","link":"https:\/\/www.ekostrov.pl\/index.php\/bezplatny-odbior-elektrosmieci-katowice\/","title":{"rendered":"Bezp\u0142atny odbi\u00f3r elektro\u015bmieci Katowice"},"content":{"rendered":"\n<div class=\"wp-block-columns\">\n<div class=\"wp-block-column\">\n<div class=\"wp-block-image is-style-default\"><figure class=\"aligncenter size-large\"><img loading=\"lazy\" width=\"1024\" height=\"1024\" src=\"https:\/\/www.ekostrov.pl\/wp-content\/uploads\/2025\/09\/Gemini_Generated_Image_9orknh9orknh9ork-1024x1024.png\" alt=\"\" class=\"wp-image-855\" srcset=\"https:\/\/www.ekostrov.pl\/wp-content\/uploads\/2025\/09\/Gemini_Generated_Image_9orknh9orknh9ork.png 1024w, https:\/\/www.ekostrov.pl\/wp-content\/uploads\/2025\/09\/Gemini_Generated_Image_9orknh9orknh9ork-300x300.png 300w, https:\/\/www.ekostrov.pl\/wp-content\/uploads\/2025\/09\/Gemini_Generated_Image_9orknh9orknh9ork-150x150.png 150w, https:\/\/www.ekostrov.pl\/wp-content\/uploads\/2025\/09\/Gemini_Generated_Image_9orknh9orknh9ork-768x768.png 768w\" sizes=\"(max-width: 1024px) 100vw, 1024px\" \/><\/figure><\/div>\n<\/div>\n\n\n\n<div class=\"wp-block-column\">\n<h2><span style=\"color:#e5a000\" class=\"has-inline-color\">Co odbieramy?<\/span><\/h2>\n\n\n\n<p>\u267b\ufe0e Komputery, serwery, centrale telefoniczne, laptopy, czy te\u017c zasilacze awaryjne UPS, akumulatory, baterie<br>\u267b\ufe0e Drukarki, monitory, faksy, kserokopiarki, telefony, smartfony niszczarki, routery i kable<br>\u267b\ufe0e Ma\u0142e AGD np. czajniki, narz\u0119dzia elektryczne, telewizory, radia<br>\u267b\ufe0e Du\u017ce AGD np. lod\u00f3wki, pralki, szafy ch\u0142odnicze i klimatyzatory <br>\u267b\ufe0e Tonery i tusze oraz \u015bwietl\u00f3wki i \u017car\u00f3wki (odp\u0142atnie) <br>\u267b\ufe0e Oprawy o\u015bwietleniowe i lampy, urz\u0105dzenia elektryczne i inne elektroodpady<\/p>\n\n\n\n<h2><span style=\"color:#e5a000\" class=\"has-inline-color\">Od kogo odbieramy?<\/span><\/h2>\n\n\n\n<p>\u267b\ufe0e Osoby prywatne z mieszka\u0144 i dom\u00f3w<br>\u267b\ufe0e Firmy, szko\u0142y oraz inne instytucje <\/p>\n\n\n\n<h2><span style=\"color:#e5a000\" class=\"has-inline-color\">Wi\u0119cej informacji?<\/span><\/h2>\n\n\n\n<p>\u267b\ufe0e Wystawiamy protoko\u0142y oraz BDO<br>\u267b\ufe0e Odbi\u00f3r realizujemy bezp\u0142atnie w 24h busem lub kontenerami<\/p>\n\n\n\n<div class=\"wp-block-buttons alignwide is-content-justification-center\">\n<div class=\"wp-block-button is-style-outline\"><a class=\"wp-block-button__link has-text-color\" href=\"https:\/\/www.ekostrov.pl\/index.php\/zlec-odbior-odpadow\/\" style=\"color:#e5a000\">ZAM\u00d3W ODBI\u00d3R &#8211; WYPE\u0141NIJ FORMULARZ<\/a><\/div>\n<\/div>\n\n\n\n<p class=\"has-text-align-center\">ZADZWO\u0143 <span style=\"color:#e5a000\" class=\"has-inline-color\">+48 729 111 112<\/span><\/p>\n<\/div>\n<\/div>\n\n\n\n<div class=\"wp-block-columns\"><\/div>\n\n\n\n<div class=\"wp-block-columns\"><\/div>\n","protected":false},"excerpt":{"rendered":"<p>Co odbieramy? \u267b\ufe0e Komputery, serwery, centrale telefoniczne, laptopy, czy te\u017c zasilacze awaryjne UPS, akumulatory, baterie\u267b\ufe0e Drukarki, monitory, faksy, kserokopiarki, telefony, smartfony niszczarki, routery i kable\u267b\ufe0e Ma\u0142e AGD np. czajniki, narz\u0119dzia elektryczne, telewizory, radia\u267b\ufe0e Du\u017ce AGD np. lod\u00f3wki, pralki, szafy ch\u0142odnicze i klimatyzatory \u267b\ufe0e Tonery i tusze oraz \u015bwietl\u00f3wki i \u017car\u00f3wki (odp\u0142atnie) \u267b\ufe0e Oprawy o\u015bwietleniowe i &#8230; <a title=\"Bezp\u0142atny odbi\u00f3r elektro\u015bmieci Katowice\" class=\"read-more\" href=\"https:\/\/www.ekostrov.pl\/index.php\/bezplatny-odbior-elektrosmieci-katowice\/\" aria-label=\"More on Bezp\u0142atny odbi\u00f3r elektro\u015bmieci Katowice\">Czytaj dalej<\/a><\/p>\n","protected":false},"author":1,"featured_media":0,"parent":0,"menu_order":0,"comment_status":"closed","ping_status":"closed","template":"","meta":{"_monsterinsights_skip_tracking":false,"_monsterinsights_sitenote_active":false,"_monsterinsights_sitenote_note":"","_monsterinsights_sitenote_category":0},"_links":{"self":[{"href":"https:\/\/www.ekostrov.pl\/index.php\/wp-json\/wp\/v2\/pages\/813"}],"collection":[{"href":"https:\/\/www.ekostrov.pl\/index.php\/wp-json\/wp\/v2\/pages"}],"about":[{"href":"https:\/\/www.ekostrov.pl\/index.php\/wp-json\/wp\/v2\/types\/page"}],"author":[{"embeddable":true,"href":"https:\/\/www.ekostrov.pl\/index.php\/wp-json\/wp\/v2\/users\/1"}],"replies":[{"embeddable":true,"href":"https:\/\/www.ekostrov.pl\/index.php\/wp-json\/wp\/v2\/comments?post=813"}],"version-history":[{"count":4,"href":"https:\/\/www.ekostrov.pl\/index.php\/wp-json\/wp\/v2\/pages\/813\/revisions"}],"predecessor-version":[{"id":857,"href":"https:\/\/www.ekostrov.pl\/index.php\/wp-json\/wp\/v2\/pages\/813\/revisions\/857"}],"wp:attachment":[{"href":"https:\/\/www.ekostrov.pl\/index.php\/wp-json\/wp\/v2\/media?parent=813"}],"curies":[{"name":"wp","href":"https:\/\/api.w.org\/{rel}","templated":true}]}}