{"id":608,"date":"2023-11-03T22:16:21","date_gmt":"2023-11-03T22:16:21","guid":{"rendered":"https:\/\/www.ekostrov.pl\/?page_id=608"},"modified":"2023-11-03T22:16:22","modified_gmt":"2023-11-03T22:16:22","slug":"zlec-odbior-odpadow","status":"publish","type":"page","link":"https:\/\/www.ekostrov.pl\/index.php\/zlec-odbior-odpadow\/","title":{"rendered":"Zle\u0107 odbi\u00f3r odpad\u00f3w!"},"content":{"rendered":"<div class=\"wpforms-container wpforms-container-full wpforms-block wpforms-render-modern\" id=\"wpforms-595\"><form id=\"wpforms-form-595\" class=\"wpforms-validate wpforms-form wpforms-ajax-form\" data-formid=\"595\" method=\"post\" enctype=\"multipart\/form-data\" action=\"\/index.php\/wp-json\/wp\/v2\/pages\/608\" data-token=\"ffa189798b81af73d7d914e6c9264745\" data-token-time=\"1779018267\"><noscript class=\"wpforms-error-noscript\">Aby wype\u0142ni\u0107 ten formularz, w\u0142\u0105cz obs\u0142ug\u0119 JavaScript w przegl\u0105darce.<\/noscript><div class=\"wpforms-hidden\" id=\"wpforms-error-noscript\">Aby wype\u0142ni\u0107 ten formularz, w\u0142\u0105cz obs\u0142ug\u0119 JavaScript w przegl\u0105darce.<\/div><div class=\"wpforms-field-container\"><div id=\"wpforms-595-field_4-container\" class=\"wpforms-field wpforms-field-select wpforms-field-select-style-classic\" data-field-id=\"4\"><label class=\"wpforms-field-label\" for=\"wpforms-595-field_4\">Wybierz odpad: <span class=\"wpforms-required-label\" aria-hidden=\"true\">*<\/span><\/label><select id=\"wpforms-595-field_4\" class=\"wpforms-field-medium wpforms-field-required\" name=\"wpforms[fields][4]\" required=\"required\"><option value=\"Elektro\u015bmieci\" >Elektro\u015bmieci<\/option><option value=\"Karton \/ Folia\" >Karton \/ Folia<\/option><option value=\"Gabaryt \/ Meble\" >Gabaryt \/ Meble<\/option><option value=\"Odpady budowlane\" >Odpady budowlane<\/option><option value=\"Odpady niebezpieczne\" >Odpady niebezpieczne<\/option><option value=\"Warsztat samochodowy\" >Warsztat samochodowy<\/option><option value=\"Salon kosmetyczny\" >Salon kosmetyczny<\/option><option value=\"Inne odpady\" >Inne odpady<\/option><\/select><\/div><div id=\"wpforms-595-field_7-container\" class=\"wpforms-field wpforms-field-radio wpforms-list-3-columns\" data-field-id=\"7\"><fieldset><legend class=\"wpforms-field-label\">Przekazuje odpad jako:<\/legend><ul id=\"wpforms-595-field_7\"><li class=\"choice-1 depth-1\"><input type=\"radio\" id=\"wpforms-595-field_7_1\" name=\"wpforms[fields][7]\" value=\"Firma\" aria-errormessage=\"wpforms-595-field_7_1-error\"  ><label class=\"wpforms-field-label-inline\" for=\"wpforms-595-field_7_1\">Firma<\/label><\/li><li class=\"choice-2 depth-1\"><input type=\"radio\" id=\"wpforms-595-field_7_2\" name=\"wpforms[fields][7]\" value=\"Firma z BDO\" aria-errormessage=\"wpforms-595-field_7_2-error\"  ><label class=\"wpforms-field-label-inline\" for=\"wpforms-595-field_7_2\">Firma z BDO<\/label><\/li><li class=\"choice-3 depth-1\"><input type=\"radio\" id=\"wpforms-595-field_7_3\" name=\"wpforms[fields][7]\" value=\"Osoba fizyczna\" aria-errormessage=\"wpforms-595-field_7_3-error\"  ><label class=\"wpforms-field-label-inline\" for=\"wpforms-595-field_7_3\">Osoba fizyczna<\/label><\/li><\/ul><\/fieldset><\/div><div id=\"wpforms-595-field_13-container\" class=\"wpforms-field wpforms-field-text\" data-field-id=\"13\"><label class=\"wpforms-field-label\" for=\"wpforms-595-field_13\">Miasto odbioru odpad\u00f3w: <span class=\"wpforms-required-label\" aria-hidden=\"true\">*<\/span><\/label><input type=\"text\" id=\"wpforms-595-field_13\" class=\"wpforms-field-medium wpforms-field-required\" name=\"wpforms[fields][13]\" aria-errormessage=\"wpforms-595-field_13-error\" required><\/div><div id=\"wpforms-595-field_21-container\" class=\"wpforms-field wpforms-field-text\" data-field-id=\"21\"><label class=\"wpforms-field-label\" for=\"wpforms-595-field_21\">Ulica i numer<\/label><input type=\"text\" id=\"wpforms-595-field_21\" class=\"wpforms-field-medium\" name=\"wpforms[fields][21]\" aria-errormessage=\"wpforms-595-field_21-error\" ><\/div><div id=\"wpforms-595-field_14-container\" class=\"wpforms-field wpforms-field-number-slider\" data-field-id=\"14\"><label class=\"wpforms-field-label\" for=\"wpforms-595-field_14\">Ile chcesz przekaza\u0107 kg:<\/label>\n<input\n\ttype=\"range\"\n\tid=\"wpforms-595-field_14\" class=\"wpforms-field-medium\" name=\"wpforms[fields][14]\" value=\"100\" aria-errormessage=\"wpforms-595-field_14-error\"\t\tmin=\"0\"\n\tmax=\"5000\"\n\tstep=\"10\">\n\n<div class=\"wpforms-field-number-slider-hint\"\n\tdata-hint=\"Wybrana warto\u015b\u0107: {value}\">\n\tWybrana warto\u015b\u0107: <b>100<\/b><\/div>\n<\/div><div id=\"wpforms-595-field_19-container\" class=\"wpforms-field wpforms-field-name\" data-field-id=\"19\"><fieldset><legend class=\"wpforms-field-label\">Osoba kontaktowa: <span class=\"wpforms-required-label\" aria-hidden=\"true\">*<\/span><\/legend><div class=\"wpforms-field-row wpforms-field-medium\"><div class=\"wpforms-field-row-block wpforms-first wpforms-one-half\"><input type=\"text\" id=\"wpforms-595-field_19\" class=\"wpforms-field-name-first wpforms-field-required\" name=\"wpforms[fields][19][first]\" aria-errormessage=\"wpforms-595-field_19-error\" required><label for=\"wpforms-595-field_19\" class=\"wpforms-field-sublabel after\">Imi\u0119<\/label><\/div><div class=\"wpforms-field-row-block wpforms-one-half\"><input type=\"text\" id=\"wpforms-595-field_19-last\" class=\"wpforms-field-name-last wpforms-field-required\" name=\"wpforms[fields][19][last]\" aria-errormessage=\"wpforms-595-field_19-last-error\" required><label for=\"wpforms-595-field_19-last\" class=\"wpforms-field-sublabel after\">Nazwisko<\/label><\/div><\/div><\/fieldset><\/div><div id=\"wpforms-595-field_11-container\" class=\"wpforms-field wpforms-field-text\" data-field-id=\"11\"><label class=\"wpforms-field-label\" for=\"wpforms-595-field_11\">Nr Tel. <span class=\"wpforms-required-label\" aria-hidden=\"true\">*<\/span><\/label><input type=\"text\" id=\"wpforms-595-field_11\" class=\"wpforms-field-medium wpforms-field-required\" name=\"wpforms[fields][11]\" aria-errormessage=\"wpforms-595-field_11-error\" required><\/div><div id=\"wpforms-595-field_1-container\" class=\"wpforms-field wpforms-field-email\" data-field-id=\"1\"><label class=\"wpforms-field-label\" for=\"wpforms-595-field_1\">Adres e-mail <span class=\"wpforms-required-label\" aria-hidden=\"true\">*<\/span><\/label><input type=\"email\" id=\"wpforms-595-field_1\" class=\"wpforms-field-medium wpforms-field-required\" name=\"wpforms[fields][1]\" spellcheck=\"false\" aria-errormessage=\"wpforms-595-field_1-error\" required><\/div><div id=\"wpforms-595-field_17-container\" class=\"wpforms-field wpforms-field-text\" data-field-id=\"17\"><label class=\"wpforms-field-label\" for=\"wpforms-595-field_17\">NIP firmy<\/label><input type=\"text\" id=\"wpforms-595-field_17\" class=\"wpforms-field-medium\" name=\"wpforms[fields][17]\" aria-errormessage=\"wpforms-595-field_17-error\" ><\/div><div id=\"wpforms-595-field_2-container\" class=\"wpforms-field wpforms-field-textarea\" data-field-id=\"2\"><label class=\"wpforms-field-label\" for=\"wpforms-595-field_2\">Dodatkowe informacje, opis odpad\u00f3w:<\/label><textarea id=\"wpforms-595-field_2\" class=\"wpforms-field-medium\" name=\"wpforms[fields][2]\" aria-errormessage=\"wpforms-595-field_2-error\" aria-describedby=\"wpforms-595-field_2-description\" ><\/textarea><div id=\"wpforms-595-field_2-description\" class=\"wpforms-field-description\">Masz dodatkowe pytanie? Chcesz zam\u00f3wi\u0107 odbi\u00f3r telefonicznie ? Zadzwo\u0144 +48 729 111 112 lub napisz zlecenia@ekostrov.pl<\/div><\/div><\/div><!-- .wpforms-field-container --><div class=\"wpforms-submit-container\" ><input type=\"hidden\" name=\"wpforms[id]\" value=\"595\"><input type=\"hidden\" name=\"page_title\" value=\"\"><input type=\"hidden\" name=\"page_url\" value=\"https:\/\/www.ekostrov.pl\/index.php\/wp-json\/wp\/v2\/pages\/608\"><button type=\"submit\" name=\"wpforms[submit]\" id=\"wpforms-submit-595\" class=\"wpforms-submit\" data-alt-text=\"Wysy\u0142anie...\" data-submit-text=\"Wy\u015blij\" aria-live=\"assertive\" value=\"wpforms-submit\">Wy\u015blij<\/button><img loading=\"lazy\" src=\"https:\/\/www.ekostrov.pl\/wp-content\/plugins\/wpforms-lite\/assets\/images\/submit-spin.svg\" class=\"wpforms-submit-spinner\" style=\"display: none;\" width=\"26\" height=\"26\" alt=\"Wczytywanie\"><\/div><\/form><\/div>  <!-- .wpforms-container -->","protected":false},"excerpt":{"rendered":"","protected":false},"author":1,"featured_media":0,"parent":0,"menu_order":0,"comment_status":"closed","ping_status":"closed","template":"","meta":{"_monsterinsights_skip_tracking":false,"_monsterinsights_sitenote_active":false,"_monsterinsights_sitenote_note":"","_monsterinsights_sitenote_category":0},"_links":{"self":[{"href":"https:\/\/www.ekostrov.pl\/index.php\/wp-json\/wp\/v2\/pages\/608"}],"collection":[{"href":"https:\/\/www.ekostrov.pl\/index.php\/wp-json\/wp\/v2\/pages"}],"about":[{"href":"https:\/\/www.ekostrov.pl\/index.php\/wp-json\/wp\/v2\/types\/page"}],"author":[{"embeddable":true,"href":"https:\/\/www.ekostrov.pl\/index.php\/wp-json\/wp\/v2\/users\/1"}],"replies":[{"embeddable":true,"href":"https:\/\/www.ekostrov.pl\/index.php\/wp-json\/wp\/v2\/comments?post=608"}],"version-history":[{"count":1,"href":"https:\/\/www.ekostrov.pl\/index.php\/wp-json\/wp\/v2\/pages\/608\/revisions"}],"predecessor-version":[{"id":609,"href":"https:\/\/www.ekostrov.pl\/index.php\/wp-json\/wp\/v2\/pages\/608\/revisions\/609"}],"wp:attachment":[{"href":"https:\/\/www.ekostrov.pl\/index.php\/wp-json\/wp\/v2\/media?parent=608"}],"curies":[{"name":"wp","href":"https:\/\/api.w.org\/{rel}","templated":true}]}}