{"id":274,"date":"2021-11-25T07:12:01","date_gmt":"2021-11-25T07:12:01","guid":{"rendered":"https:\/\/www.ekostrov.pl\/?page_id=274"},"modified":"2023-05-06T15:36:44","modified_gmt":"2023-05-06T15:36:44","slug":"zabezpieczenie-roszczen","status":"publish","type":"page","link":"https:\/\/www.ekostrov.pl\/index.php\/zabezpieczenie-roszczen\/","title":{"rendered":"Zabezpieczenie roszcze\u0144"},"content":{"rendered":"\n<p>Zabezpiecz swoj\u0105 firm\u0119! Gwarancja chroni Twoje zobowi\u0105zania. Je\u015bli si\u0119 z nich nie wywi\u0105\u017cesz, wyp\u0142acimy pieni\u0105dze z gwarancji beneficjentowi.<\/p>\n\n\n\n<p>Obecnie specjalizujemy si\u0119 w uruchamianiu gwarancji \u015brodowiskowych za po\u015brednictwem trzech najwi\u0119kszych towarzystw ubezpieczeniowych w Polsce. Gwarancje wymagane s\u0105 przy rozpocz\u0119ciu dzia\u0142alno\u015bci z decyzj\u0105 na zbieranie, przetwarzanie czy recykling. Opr\u00f3cz tego mog\u0105 Pa\u0144stwo tak\u017ce skorzysta\u0107 z spersonalizowanego ubezpieczenia firmowego.<\/p>\n\n\n\n<p><strong>Co mo\u017cesz zyska\u0107 ?<\/strong><br>Nasza gwarancja pozwala na pozyskanie przez Twoj\u0105 firm\u0119 wymaganych zezwole\u0144 np.:<br>* zezwolenia na prowadzenie dzia\u0142alno\u015bci w zakresie odzysku lub unieszkodliwiania odpad\u00f3w,<br>* pozwolenia na budow\u0119 sk\u0142adowiska odpad\u00f3w,<br>* zabezpieczenia na wypadek spowodowania negatywnych skutk\u00f3w w \u015brodowisku (np. zanieczyszczenia wody w rzece),<br>* zezwolenia na transgraniczne przemieszczanie odpad\u00f3w.<\/p>\n\n\n\n<p><strong>Czy warto ?<\/strong><br>* terminowo spe\u0142nisz wym\u00f3g z\u0142o\u017cenia zabezpieczenia,<br>* otrzymasz pozwolenie, zezwolenie, decyzje wymagane przez odpowiednie przepisy prawa w zakresie ochrony \u015brodowiska,<br>* potwierdzisz swoj\u0105 wiarygodno\u015b\u0107 jako przedsi\u0119biorcy wobec organ\u00f3w administracji publicznej zajmuj\u0105cych si\u0119 ochron\u0105 \u015brodowiska.&nbsp;<\/p>\n\n\n\n<p><strong>Jak to dzia\u0142a ?<\/strong><br>Uruchomienie \u015brodk\u00f3w z gwarancji \u015brodowiskowej rozpoczyna si\u0119 w momencie dostarczenia przez Beneficjenta danej gwarancji do ubezpieczyciela na podstawie wezwania do zap\u0142aty, kt\u00f3re b\u0119dzie spe\u0142nia\u0142o urz\u0119dowe wymogi formalne opisane w samej gwarancji.<\/p>\n\n\n\n<p>*Kwota zabezpieczenia roszcze\u0144 jest wyliczana przez organ administracji pa\u0144stwowej\/samorz\u0105dowej, kt\u00f3ry podejmuje decyzj\u0119 o przyznaniu wnioskowanego przez Klienta zezwolenia\/pozwolenia, a sam spos\u00f3b liczenia kwoty jest okre\u015blony w Ustawie. Klient jest zobowi\u0105zany do wniesienia zabezpieczenia roszcze\u0144 przed wydaniem zezwolenia\/pozwolenia, a kwota zabezpieczenia i jego forma jest podawana w postanowieniu wydawanym przez organ.<\/p>\n\n\n\n<hr class=\"wp-block-separator\"\/>\n\n\n\n<p class=\"has-text-align-right\">Zapytaj o szczeg\u00f3\u0142y mailowo: <a href=\"mailto:ubezpieczenia@ekostrov.pl\"><strong>ubezpieczenia@ekostrov.pl<\/strong><\/a><br>lub skontaktuj si\u0119 pod numerem telefonu <strong>+ 48 735 197 239<\/strong><\/p>\n","protected":false},"excerpt":{"rendered":"<p>Zabezpiecz swoj\u0105 firm\u0119! Gwarancja chroni Twoje zobowi\u0105zania. Je\u015bli si\u0119 z nich nie wywi\u0105\u017cesz, wyp\u0142acimy pieni\u0105dze z gwarancji beneficjentowi. Obecnie specjalizujemy si\u0119 w uruchamianiu gwarancji \u015brodowiskowych za po\u015brednictwem trzech najwi\u0119kszych towarzystw ubezpieczeniowych w Polsce. Gwarancje wymagane s\u0105 przy rozpocz\u0119ciu dzia\u0142alno\u015bci z decyzj\u0105 na zbieranie, przetwarzanie czy recykling. Opr\u00f3cz tego mog\u0105 Pa\u0144stwo tak\u017ce skorzysta\u0107 z spersonalizowanego ubezpieczenia &#8230; <a title=\"Zabezpieczenie roszcze\u0144\" class=\"read-more\" href=\"https:\/\/www.ekostrov.pl\/index.php\/zabezpieczenie-roszczen\/\" aria-label=\"More on Zabezpieczenie roszcze\u0144\">Czytaj dalej<\/a><\/p>\n","protected":false},"author":1,"featured_media":0,"parent":0,"menu_order":0,"comment_status":"closed","ping_status":"closed","template":"","meta":{"_monsterinsights_skip_tracking":false,"_monsterinsights_sitenote_active":false,"_monsterinsights_sitenote_note":"","_monsterinsights_sitenote_category":0},"_links":{"self":[{"href":"https:\/\/www.ekostrov.pl\/index.php\/wp-json\/wp\/v2\/pages\/274"}],"collection":[{"href":"https:\/\/www.ekostrov.pl\/index.php\/wp-json\/wp\/v2\/pages"}],"about":[{"href":"https:\/\/www.ekostrov.pl\/index.php\/wp-json\/wp\/v2\/types\/page"}],"author":[{"embeddable":true,"href":"https:\/\/www.ekostrov.pl\/index.php\/wp-json\/wp\/v2\/users\/1"}],"replies":[{"embeddable":true,"href":"https:\/\/www.ekostrov.pl\/index.php\/wp-json\/wp\/v2\/comments?post=274"}],"version-history":[{"count":8,"href":"https:\/\/www.ekostrov.pl\/index.php\/wp-json\/wp\/v2\/pages\/274\/revisions"}],"predecessor-version":[{"id":571,"href":"https:\/\/www.ekostrov.pl\/index.php\/wp-json\/wp\/v2\/pages\/274\/revisions\/571"}],"wp:attachment":[{"href":"https:\/\/www.ekostrov.pl\/index.php\/wp-json\/wp\/v2\/media?parent=274"}],"curies":[{"name":"wp","href":"https:\/\/api.w.org\/{rel}","templated":true}]}}