{"id":25,"date":"2020-06-20T20:55:41","date_gmt":"2020-06-20T20:55:41","guid":{"rendered":"https:\/\/www.ekostrov.pl\/?page_id=25"},"modified":"2023-11-08T23:10:35","modified_gmt":"2023-11-08T23:10:35","slug":"usluga-bdo","status":"publish","type":"page","link":"https:\/\/www.ekostrov.pl\/index.php\/usluga-bdo\/","title":{"rendered":"Us\u0142uga BDO"},"content":{"rendered":"\n<p>Od 1 stycznia 2021 r. firmy podlegaj\u0105 obowi\u0105zkowi prowadzenia ewidencji odpad\u00f3w, w tym kart przekazania odpad\u00f3w za po\u015brednictwem platformy rejestrowej BDO \u2013 Bazy danych o produktach i opakowaniach oraz o gospodarce odpadami.<\/p>\n\n\n\n<p>Uruchomienie platformy umo\u017cliwi\u0142o przedsi\u0119biorcom kompleksowe gromadzenie i zarz\u0105dzanie informacjami dotycz\u0105cymi gospodarki odpadami oraz zapewni\u0142o w pe\u0142ni elektroniczn\u0105 realizacj\u0119 obowi\u0105zk\u00f3w rejestrowych, ewidencyjnych i sprawozdawczych.<\/p>\n\n\n\n<p>Zdajemy sobie spraw, \u017ce ka\u017cda firma jest inna i mo\u017ce potrzebowa\u0107 r\u00f3\u017cnych \u015bci\u015ble dopasowanych do niej rozwi\u0105za\u0144, dlatego te\u017c ka\u017cda us\u0142uga jest przez nas indywidualnie dostosowywana oraz wyceniana.<\/p>\n\n\n\n<p class=\"has-text-align-center\"> <strong>Jak mo\u017cemy pom\u00f3c Twojej firmie?<\/strong><\/p>\n\n\n\n<div class=\"wp-block-columns\">\n<div class=\"wp-block-column\">\n<h2 class=\"has-text-align-center\"><img loading=\"lazy\" width=\"512\" height=\"512\" class=\"wp-image-439\" style=\"width: 100px;\" src=\"https:\/\/www.ekostrov.pl\/wp-content\/uploads\/2022\/11\/save.png\" alt=\"\" srcset=\"https:\/\/www.ekostrov.pl\/wp-content\/uploads\/2022\/11\/save.png 512w, https:\/\/www.ekostrov.pl\/wp-content\/uploads\/2022\/11\/save-300x300.png 300w, https:\/\/www.ekostrov.pl\/wp-content\/uploads\/2022\/11\/save-150x150.png 150w\" sizes=\"(max-width: 512px) 100vw, 512px\" \/><br><span style=\"color:#e5a000\" class=\"has-inline-color\">Rejestracja i doradztwo<\/span><\/h2>\n\n\n\n<ul><li>Pomagamy przy z\u0142o\u017ceniu wniosku rejestracyjnego<\/li><li>Szkolimy z zakresu podstawowej obs\u0142ugi systemu<\/li><li>Analizujemy poprawno\u015b\u0107 zarejestrowanych pomiot\u00f3w oraz aktualizujemy wnioski rejestracyjne<\/li><li>Doradzamy w dzia\u0142aniach Pa\u0144stwa firmy oraz wyja\u015bniamy prawne zapisy z zakresu BDO<br><\/li><\/ul>\n<\/div>\n\n\n\n<div class=\"wp-block-column\">\n<h2 class=\"has-text-align-center\"><img loading=\"lazy\" width=\"512\" height=\"512\" class=\"wp-image-457\" style=\"width: 100px;\" src=\"https:\/\/www.ekostrov.pl\/wp-content\/uploads\/2022\/11\/paper-recycle.png\" alt=\"\" srcset=\"https:\/\/www.ekostrov.pl\/wp-content\/uploads\/2022\/11\/paper-recycle.png 512w, https:\/\/www.ekostrov.pl\/wp-content\/uploads\/2022\/11\/paper-recycle-300x300.png 300w, https:\/\/www.ekostrov.pl\/wp-content\/uploads\/2022\/11\/paper-recycle-150x150.png 150w\" sizes=\"(max-width: 512px) 100vw, 512px\" \/><br><span style=\"color:#e5a000\" class=\"has-inline-color\">Sprawozdania<\/span><\/h2>\n\n\n\n<ul><li>Realizujemy zlecenia na jednorazowe sporz\u0105dzanie sprawozda\u0144 rocznych, z uwzgl\u0119dnieniem &nbsp;ewidencji oraz korekt kart KPO<\/li><li>Tworzymy sprawozdania o wytwarzanych odpadach i gospodarce odpadami, skierowane do w\u0142a\u015bciwego organu ze wzgl\u0119du na miejsce prowadzenia dzia\u0142alno\u015bci podmiotu (z zachowaniem klasyfikacji gminnej)<br><\/li><\/ul>\n<\/div>\n<\/div>\n\n\n\n<div class=\"wp-block-columns\">\n<div class=\"wp-block-column\">\n<h2 class=\"has-text-align-center\"><img loading=\"lazy\" width=\"512\" height=\"512\" class=\"wp-image-437\" style=\"width: 100px;\" src=\"https:\/\/www.ekostrov.pl\/wp-content\/uploads\/2022\/11\/recycling.png\" alt=\"\" srcset=\"https:\/\/www.ekostrov.pl\/wp-content\/uploads\/2022\/11\/recycling.png 512w, https:\/\/www.ekostrov.pl\/wp-content\/uploads\/2022\/11\/recycling-300x300.png 300w, https:\/\/www.ekostrov.pl\/wp-content\/uploads\/2022\/11\/recycling-150x150.png 150w\" sizes=\"(max-width: 512px) 100vw, 512px\" \/><br><span style=\"color:#e5a000\" class=\"has-inline-color\">Kompleksowa us\u0142uga BDO<\/span><\/h2>\n\n\n\n<ul><li>Obs\u0142ugujemy i korygujemy bie\u017c\u0105ce sprawy zwi\u0105zane z kartami przekazania odpad\u00f3w oraz prowadzimy obowi\u0105zkow\u0105 ewidencj\u0119 KPO<\/li><li>Wsp\u00f3\u0142pracujemy z administracj\u0105 Pa\u0144stwa firmy oraz kontaktujemy si\u0119 z odbiorcami odpad\u00f3w<\/li><li>Nadzorujemy dokumentacj\u0119 pod wzgl\u0119dem poprawno\u015bci oraz zgodno\u015bci z obowi\u0105zuj\u0105cymi przepisami<\/li><li>Przygotowujemy roczne sprawozdania z uwzgl\u0119dnieniem korekt oraz kontrolujemy ich terminowo\u015b\u0107<\/li><\/ul>\n<\/div>\n\n\n\n<div class=\"wp-block-column\">\n<h2 class=\"has-text-align-center\"><img loading=\"lazy\" width=\"512\" height=\"512\" class=\"wp-image-466\" style=\"width: 100px;\" src=\"https:\/\/www.ekostrov.pl\/wp-content\/uploads\/2022\/11\/box.png\" alt=\"\" srcset=\"https:\/\/www.ekostrov.pl\/wp-content\/uploads\/2022\/11\/box.png 512w, https:\/\/www.ekostrov.pl\/wp-content\/uploads\/2022\/11\/box-300x300.png 300w, https:\/\/www.ekostrov.pl\/wp-content\/uploads\/2022\/11\/box-150x150.png 150w\" sizes=\"(max-width: 512px) 100vw, 512px\" \/><br><span style=\"color:#e5a000\" class=\"has-inline-color\">Opakowania i produkty<\/span><\/h2>\n\n\n\n<ul><li>Rejestrujemy w BDO firmy b\u0119d\u0105ce podmiotami wprowadzaj\u0105cymi produkty w opakowaniach na rynek Polski (wyja\u015bnimy, dlaczego Twoja firma podlega temu obowi\u0105zkowi)<\/li><li>Tworzymy obowi\u0105zkow\u0105 ewidencje opakowa\u0144 oraz wyliczamy op\u0142at\u0119 produktow\u0105<\/li><li>Sporz\u0105dzamy sprawozdania z zakresu wprowadzania produkt\u00f3w w opakowaniach<\/li><li>Wype\u0142niamy wnioski o wsparcie de minimis<\/li><li>Pomagamy w kontakcie z organizacjami odzysku oraz w obs\u0142udze innych program\u00f3w europejskich np. LUCID<\/li><\/ul>\n<\/div>\n<\/div>\n\n\n\n<p class=\"has-text-align-left\"><strong>Dzi\u0119ki naszej us\u0142udze:<\/strong><br>* Spe\u0142nisz aktualne wymagania prawne oraz dotrzymasz termin\u00f3w<br>* Unikniesz dodatkowych koszt\u00f3w zwi\u0105zanych z obs\u0142ug\u0105 systemu BDO<br>* Oszcz\u0119dzisz czas oraz zapewniasz sobie poprawno\u015b\u0107 dokumentacji<br>* Zabezpieczysz prowadzenie dzia\u0142alno\u015bci przed potencjalnymi karami administracyjnymi<br>* Zyskasz nowego partnera z bogat\u0105 wiedz\u0105 dot. ochrony \u015brodowiska i zagospodarowania odpad\u00f3w<br><br>Dzia\u0142amy na terenie ca\u0142ej Polski \u2013 stacjonarnie oraz zdalnie. <\/p>\n\n\n\n<hr class=\"wp-block-separator\"\/>\n\n\n\n<p class=\"has-text-align-right\">Zapytaj o szczeg\u00f3\u0142y mailowo: <a href=\"mailto:bdo@ekostrov.pl\"><strong>bdo@ekostrov.pl<\/strong><\/a><br>lub skontaktuj si\u0119 pod numerem telefonu <strong>+ 48 729 111&nbsp;112<\/strong><\/p>\n","protected":false},"excerpt":{"rendered":"<p>Od 1 stycznia 2021 r. firmy podlegaj\u0105 obowi\u0105zkowi prowadzenia ewidencji odpad\u00f3w, w tym kart przekazania odpad\u00f3w za po\u015brednictwem platformy rejestrowej BDO \u2013 Bazy danych o produktach i opakowaniach oraz o gospodarce odpadami. Uruchomienie platformy umo\u017cliwi\u0142o przedsi\u0119biorcom kompleksowe gromadzenie i zarz\u0105dzanie informacjami dotycz\u0105cymi gospodarki odpadami oraz zapewni\u0142o w pe\u0142ni elektroniczn\u0105 realizacj\u0119 obowi\u0105zk\u00f3w rejestrowych, ewidencyjnych i sprawozdawczych. &#8230; <a title=\"Us\u0142uga BDO\" class=\"read-more\" href=\"https:\/\/www.ekostrov.pl\/index.php\/usluga-bdo\/\" aria-label=\"More on Us\u0142uga BDO\">Czytaj dalej<\/a><\/p>\n","protected":false},"author":1,"featured_media":0,"parent":0,"menu_order":3,"comment_status":"closed","ping_status":"closed","template":"","meta":{"_monsterinsights_skip_tracking":false,"_monsterinsights_sitenote_active":false,"_monsterinsights_sitenote_note":"","_monsterinsights_sitenote_category":0},"_links":{"self":[{"href":"https:\/\/www.ekostrov.pl\/index.php\/wp-json\/wp\/v2\/pages\/25"}],"collection":[{"href":"https:\/\/www.ekostrov.pl\/index.php\/wp-json\/wp\/v2\/pages"}],"about":[{"href":"https:\/\/www.ekostrov.pl\/index.php\/wp-json\/wp\/v2\/types\/page"}],"author":[{"embeddable":true,"href":"https:\/\/www.ekostrov.pl\/index.php\/wp-json\/wp\/v2\/users\/1"}],"replies":[{"embeddable":true,"href":"https:\/\/www.ekostrov.pl\/index.php\/wp-json\/wp\/v2\/comments?post=25"}],"version-history":[{"count":40,"href":"https:\/\/www.ekostrov.pl\/index.php\/wp-json\/wp\/v2\/pages\/25\/revisions"}],"predecessor-version":[{"id":643,"href":"https:\/\/www.ekostrov.pl\/index.php\/wp-json\/wp\/v2\/pages\/25\/revisions\/643"}],"wp:attachment":[{"href":"https:\/\/www.ekostrov.pl\/index.php\/wp-json\/wp\/v2\/media?parent=25"}],"curies":[{"name":"wp","href":"https:\/\/api.w.org\/{rel}","templated":true}]}}