{"id":186,"date":"2021-01-31T18:56:38","date_gmt":"2021-01-31T18:56:38","guid":{"rendered":"https:\/\/www.ekostrov.pl\/?page_id=186"},"modified":"2025-03-25T19:23:29","modified_gmt":"2025-03-25T19:23:29","slug":"doradzctwo-i-wyceny","status":"publish","type":"page","link":"https:\/\/www.ekostrov.pl\/index.php\/doradzctwo-i-wyceny\/","title":{"rendered":"Doradztwo"},"content":{"rendered":"\n<div class=\"wp-block-columns\">\n<div class=\"wp-block-column\">\n<h2 class=\"has-text-align-center\"> <img loading=\"lazy\" width=\"512\" height=\"512\" class=\"wp-image-433\" style=\"width: 100px;\" src=\"https:\/\/www.ekostrov.pl\/wp-content\/uploads\/2022\/11\/car.png\" alt=\"\" srcset=\"https:\/\/www.ekostrov.pl\/wp-content\/uploads\/2022\/11\/car.png 512w, https:\/\/www.ekostrov.pl\/wp-content\/uploads\/2022\/11\/car-300x300.png 300w, https:\/\/www.ekostrov.pl\/wp-content\/uploads\/2022\/11\/car-150x150.png 150w\" sizes=\"(max-width: 512px) 100vw, 512px\" \/><br><a href=\"https:\/\/www.ekostrov.pl\/index.php\/usluga-sent\/\">Wsparcie SENT<\/a> <\/h2>\n<\/div>\n\n\n\n<div class=\"wp-block-column\">\n<h2 class=\"has-text-align-center\"> <img loading=\"lazy\" width=\"512\" height=\"512\" class=\"wp-image-457\" style=\"width: 100px;\" src=\"https:\/\/www.ekostrov.pl\/wp-content\/uploads\/2022\/11\/paper-recycle.png\" alt=\"\" srcset=\"https:\/\/www.ekostrov.pl\/wp-content\/uploads\/2022\/11\/paper-recycle.png 512w, https:\/\/www.ekostrov.pl\/wp-content\/uploads\/2022\/11\/paper-recycle-300x300.png 300w, https:\/\/www.ekostrov.pl\/wp-content\/uploads\/2022\/11\/paper-recycle-150x150.png 150w\" sizes=\"(max-width: 512px) 100vw, 512px\" \/><br><a href=\"https:\/\/www.ekostrov.pl\/index.php\/decyzje-i-audyty\/\" data-type=\"page\" data-id=\"561\">Decyzje i Audyty<\/a> <\/h2>\n<\/div>\n\n\n\n<div class=\"wp-block-column\">\n<h2 class=\"has-text-align-center\"> <img loading=\"lazy\" width=\"512\" height=\"512\" class=\"wp-image-474\" style=\"width: 100px;\" src=\"https:\/\/www.ekostrov.pl\/wp-content\/uploads\/2022\/11\/factory.png\" alt=\"\" srcset=\"https:\/\/www.ekostrov.pl\/wp-content\/uploads\/2022\/11\/factory.png 512w, https:\/\/www.ekostrov.pl\/wp-content\/uploads\/2022\/11\/factory-300x300.png 300w, https:\/\/www.ekostrov.pl\/wp-content\/uploads\/2022\/11\/factory-150x150.png 150w\" sizes=\"(max-width: 512px) 100vw, 512px\" \/><br><a href=\"https:\/\/www.ekostrov.pl\/index.php\/zabezpieczenie-roszczen\/\">Zabezpieczenie roszcze\u0144<\/a> <\/h2>\n<\/div>\n<\/div>\n\n\n\n<div class=\"wp-block-columns\">\n<div class=\"wp-block-column\">\n<h2 class=\"has-text-align-center\"> <img loading=\"lazy\" width=\"512\" height=\"512\" class=\"wp-image-468\" style=\"width: 100px;\" src=\"https:\/\/www.ekostrov.pl\/wp-content\/uploads\/2022\/11\/computer.png\" alt=\"\" srcset=\"https:\/\/www.ekostrov.pl\/wp-content\/uploads\/2022\/11\/computer.png 512w, https:\/\/www.ekostrov.pl\/wp-content\/uploads\/2022\/11\/computer-300x300.png 300w, https:\/\/www.ekostrov.pl\/wp-content\/uploads\/2022\/11\/computer-150x150.png 150w\" sizes=\"(max-width: 512px) 100vw, 512px\" \/><br><a href=\"https:\/\/www.ekostrov.pl\/index.php\/usluga-bdo\/\">Us\u0142uga BDO<\/a> <\/h2>\n<\/div>\n\n\n\n<div class=\"wp-block-column\">\n<h2 class=\"has-text-align-center\"> <img loading=\"lazy\" width=\"512\" height=\"512\" class=\"wp-image-456\" style=\"width: 100px;\" src=\"https:\/\/www.ekostrov.pl\/wp-content\/uploads\/2022\/11\/book-recycled.png\" alt=\"\" srcset=\"https:\/\/www.ekostrov.pl\/wp-content\/uploads\/2022\/11\/book-recycled.png 512w, https:\/\/www.ekostrov.pl\/wp-content\/uploads\/2022\/11\/book-recycled-300x300.png 300w, https:\/\/www.ekostrov.pl\/wp-content\/uploads\/2022\/11\/book-recycled-150x150.png 150w\" sizes=\"(max-width: 512px) 100vw, 512px\" \/><br><a href=\"https:\/\/www.ekostrov.pl\/index.php\/katalog-odpadow\/\" data-type=\"page\">Katalog odpad\u00f3w<\/a> <\/h2>\n<\/div>\n<\/div>\n\n\n\n<p><\/p>\n","protected":false},"excerpt":{"rendered":"<p>Wsparcie SENT Decyzje i Audyty Zabezpieczenie roszcze\u0144 Us\u0142uga BDO Katalog odpad\u00f3w<\/p>\n","protected":false},"author":1,"featured_media":0,"parent":0,"menu_order":0,"comment_status":"closed","ping_status":"closed","template":"","meta":{"_monsterinsights_skip_tracking":false,"_monsterinsights_sitenote_active":false,"_monsterinsights_sitenote_note":"","_monsterinsights_sitenote_category":0},"_links":{"self":[{"href":"https:\/\/www.ekostrov.pl\/index.php\/wp-json\/wp\/v2\/pages\/186"}],"collection":[{"href":"https:\/\/www.ekostrov.pl\/index.php\/wp-json\/wp\/v2\/pages"}],"about":[{"href":"https:\/\/www.ekostrov.pl\/index.php\/wp-json\/wp\/v2\/types\/page"}],"author":[{"embeddable":true,"href":"https:\/\/www.ekostrov.pl\/index.php\/wp-json\/wp\/v2\/users\/1"}],"replies":[{"embeddable":true,"href":"https:\/\/www.ekostrov.pl\/index.php\/wp-json\/wp\/v2\/comments?post=186"}],"version-history":[{"count":9,"href":"https:\/\/www.ekostrov.pl\/index.php\/wp-json\/wp\/v2\/pages\/186\/revisions"}],"predecessor-version":[{"id":759,"href":"https:\/\/www.ekostrov.pl\/index.php\/wp-json\/wp\/v2\/pages\/186\/revisions\/759"}],"wp:attachment":[{"href":"https:\/\/www.ekostrov.pl\/index.php\/wp-json\/wp\/v2\/media?parent=186"}],"curies":[{"name":"wp","href":"https:\/\/api.w.org\/{rel}","templated":true}]}}